{"id":7643,"date":"2026-01-04T20:40:53","date_gmt":"2026-01-04T19:40:53","guid":{"rendered":"https:\/\/www.feas-fias-svs.ch\/?post_type=product&#038;p=7643"},"modified":"2025-12-22T17:50:27","modified_gmt":"2025-12-22T16:50:27","slug":"7-assurance-chomage-et-indemnite-en-cas-dinsolvabilite-aci-2026","status":"publish","type":"product","link":"https:\/\/www.feas-fias-svs.ch\/it\/examens\/7-assurance-chomage-et-indemnite-en-cas-dinsolvabilite-aci-2026\/","title":{"rendered":"7. Assicurazione disoccupazione e indennit\u00e0 in caso di insolvenza (ADI) - 2026"},"content":{"rendered":"<p>Gli specialisti in assicurazioni sociali informano le persone licenziate sulla procedura e le condizioni quadro per ottenere le prestazioni dell'assicurazione disoccupazione nonch\u00e9 sul loro obbligo di cercare un nuovo posto di lavoro. Informano le imprese e le persone assicurate sulle prestazioni dell'assicurazione disoccupazione. Gli specialisti in assicurazioni sociali verificano le condizioni per l'ottenimento delle prestazioni e il loro ammontare. Esaminano le eventuali riduzioni (giorni di sospensione). Coordinano il pagamento delle prestazioni dell'assicurazione con le indennit\u00e0 giornaliere dell'assicurazione infortuni e malattie.<\/p>\n<p>Inoltre, gli specialisti in assicurazioni sociali rendono attenti i datori di lavoro e le persone assicurate sulle conseguenze di un pensionamento anticipato (1\u00b0 e 2\u00b0 pilastro), sul diritto alle indennit\u00e0 di disoccupazione e sulle conseguenze in caso di prestazioni d'uscita sul diritto alle prestazioni. Gli specialisti in assicurazioni sociali rispondono a tutte le domande delle imprese in merito alle indennit\u00e0 per lavoro ridotto e le indennit\u00e0 per intemperie. Spiegano ai datori di lavoro le condizioni che danno diritto alle indennit\u00e0 per lavoro ridotto e alle indennit\u00e0 per intemperie e spiegano che si tratta di misure al fine di evitare dei licenziamenti.<\/p>\n","protected":false},"excerpt":{"rendered":"<p>Gli specialisti in assicurazioni sociali informano le persone licenziate sulla procedura e le condizioni quadro per ottenere le prestazioni dell'assicurazione disoccupazione nonch\u00e9 sul loro obbligo di cercare un nuovo posto di lavoro. Informano le imprese e le persone assicurate sulle prestazioni dell'assicurazione disoccupazione. Gli specialisti in assicurazioni sociali verificano le condizioni per l'ottenimento delle prestazioni [&hellip;]<\/p>\n","protected":false},"featured_media":7180,"comment_status":"open","ping_status":"closed","template":"","meta":{"_acf_changed":false,"ub_ctt_via":""},"product_brand":[],"product_cat":[75,80],"product_tag":[],"class_list":{"0":"post-7643","1":"product","2":"type-product","3":"status-publish","4":"has-post-thumbnail","6":"product_cat-esami","7":"product_cat-italian","9":"first","10":"outofstock","11":"sold-individually","12":"shipping-taxable","13":"purchasable","14":"product-type-simple"},"acf":[],"_links":{"self":[{"href":"https:\/\/www.feas-fias-svs.ch\/it\/wp-json\/wp\/v2\/product\/7643","targetHints":{"allow":["GET"]}}],"collection":[{"href":"https:\/\/www.feas-fias-svs.ch\/it\/wp-json\/wp\/v2\/product"}],"about":[{"href":"https:\/\/www.feas-fias-svs.ch\/it\/wp-json\/wp\/v2\/types\/product"}],"replies":[{"embeddable":true,"href":"https:\/\/www.feas-fias-svs.ch\/it\/wp-json\/wp\/v2\/comments?post=7643"}],"wp:featuredmedia":[{"embeddable":true,"href":"https:\/\/www.feas-fias-svs.ch\/it\/wp-json\/wp\/v2\/media\/7180"}],"wp:attachment":[{"href":"https:\/\/www.feas-fias-svs.ch\/it\/wp-json\/wp\/v2\/media?parent=7643"}],"wp:term":[{"taxonomy":"product_brand","embeddable":true,"href":"https:\/\/www.feas-fias-svs.ch\/it\/wp-json\/wp\/v2\/product_brand?post=7643"},{"taxonomy":"product_cat","embeddable":true,"href":"https:\/\/www.feas-fias-svs.ch\/it\/wp-json\/wp\/v2\/product_cat?post=7643"},{"taxonomy":"product_tag","embeddable":true,"href":"https:\/\/www.feas-fias-svs.ch\/it\/wp-json\/wp\/v2\/product_tag?post=7643"}],"curies":[{"name":"wp","href":"https:\/\/api.w.org\/{rel}","templated":true}]}}