{"id":4327,"date":"2022-12-23T18:48:23","date_gmt":"2022-12-23T17:48:23","guid":{"rendered":"https:\/\/examen.portail-ais.ch\/examen-professionnel\/inscription\/"},"modified":"2024-04-25T14:41:30","modified_gmt":"2024-04-25T12:41:30","slug":"registrazione","status":"publish","type":"page","link":"https:\/\/www.feas-fias-svs.ch\/it\/esame-professionale\/registrazione\/","title":{"rendered":"Registrazione"},"content":{"rendered":"\n<p>Il periodo di iscrizione agli esami 2024 si aprir\u00e0 l'8 gennaio 2024 e si chiuder\u00e0 il 29 febbraio 2024.<\/p>\n\n\n\n<p><span style=\"text-decoration: underline;\">Tassa d'esame (1a iscrizione) :<\/span><br>CHF 2.500<\/p>\n\n\n\n<p>Tassa d'esame (ripetenti) :<br>CHF 1.500 (tassa di base) pi\u00f9 CHF 100 per ogni ramo d'esame da ripetere.<\/p>\n\n\n\n<p class=\"has-large-font-size\"><strong>Registrazione<\/strong><\/p>\n\n\n\n<p>Il link sar\u00e0 attivo dall'8 gennaio 2024<\/p>\n","protected":false},"excerpt":{"rendered":"<p>Il periodo di iscrizione agli esami 2024 si aprir\u00e0 l'8 gennaio 2024 e si chiuder\u00e0 il 29 febbraio 2024. Tassa d'esame (1a iscrizione) :CHF 2.500 Tassa d'esame (ripetenti) :CHF 1.500 (tassa di base) pi\u00f9 CHF 100 per ogni ramo d'esame da ripetere. Registrazione Il link sar\u00e0 attivo dall'8 gennaio 2024<\/p>\n","protected":false},"author":1,"featured_media":0,"parent":4284,"menu_order":0,"comment_status":"closed","ping_status":"closed","template":"","meta":{"_acf_changed":false,"ub_ctt_via":"","footnotes":""},"type_page":[85],"class_list":["post-4327","page","type-page","status-publish","hentry","type_page-examen-professionnel"],"acf":[],"featured_image_src":null,"_links":{"self":[{"href":"https:\/\/www.feas-fias-svs.ch\/it\/wp-json\/wp\/v2\/pages\/4327","targetHints":{"allow":["GET"]}}],"collection":[{"href":"https:\/\/www.feas-fias-svs.ch\/it\/wp-json\/wp\/v2\/pages"}],"about":[{"href":"https:\/\/www.feas-fias-svs.ch\/it\/wp-json\/wp\/v2\/types\/page"}],"author":[{"embeddable":true,"href":"https:\/\/www.feas-fias-svs.ch\/it\/wp-json\/wp\/v2\/users\/1"}],"replies":[{"embeddable":true,"href":"https:\/\/www.feas-fias-svs.ch\/it\/wp-json\/wp\/v2\/comments?post=4327"}],"version-history":[{"count":2,"href":"https:\/\/www.feas-fias-svs.ch\/it\/wp-json\/wp\/v2\/pages\/4327\/revisions"}],"predecessor-version":[{"id":4331,"href":"https:\/\/www.feas-fias-svs.ch\/it\/wp-json\/wp\/v2\/pages\/4327\/revisions\/4331"}],"up":[{"embeddable":true,"href":"https:\/\/www.feas-fias-svs.ch\/it\/wp-json\/wp\/v2\/pages\/4284"}],"wp:attachment":[{"href":"https:\/\/www.feas-fias-svs.ch\/it\/wp-json\/wp\/v2\/media?parent=4327"}],"wp:term":[{"taxonomy":"type_page","embeddable":true,"href":"https:\/\/www.feas-fias-svs.ch\/it\/wp-json\/wp\/v2\/type_page?post=4327"}],"curies":[{"name":"wp","href":"https:\/\/api.w.org\/{rel}","templated":true}]}}