{"id":7690,"date":"2026-01-04T20:14:04","date_gmt":"2026-01-04T19:14:04","guid":{"rendered":"https:\/\/www.feas-fias-svs.ch\/?post_type=product&#038;p=7690"},"modified":"2026-03-11T20:02:22","modified_gmt":"2026-03-11T19:02:22","slug":"10-aide-sociale-as-2026","status":"publish","type":"product","link":"https:\/\/www.feas-fias-svs.ch\/de\/examens\/10-aide-sociale-as-2026\/","title":{"rendered":"10. Sozialhilfe (SH) - 2026"},"content":{"rendered":"<p>Die Sozialversicherungs-Fachleute sind Fachleute im Bereich der Sozialhilfe und der Opferhilfe. Sie beraten Hilfesuchende kompetent oder verweisen sie an geeignete Beratungs- und Betreuungsstellen. Bei einer finanziellen Notlage bed\u00fcrftiger Personen kl\u00e4ren sie die sozialhilferechtlichen Anspruchsvoraussetzungen ab und pr\u00fcfen alle in Frage kommenden Leistungen im Rahmen der Subsidiarit\u00e4t. Sie schenken der Koordination und Kooperation mit Sozialversicherungen und privaten Organisationen der Sozialhilfe eine grosse Beachtung. Sie berechnen den Bedarf der wirtschaftlichen Hilfe bed\u00fcrftiger Personen, f\u00f6rdern ihre pers\u00f6nliche Selbst\u00e4ndigkeit und gew\u00e4hrleisten die soziale und berufliche Integration. Sie erstellen einen Hilfsplan und definieren die notwendigen Massnahmen zur Verbesserung und Stabilisierung der Situation. Sie wahren den Personen- und Datenschutz und halten alle weiteren rechtlichen Grundlagen ein, die den bed\u00fcrftigen Personen ein menschenw\u00fcrdiges Dasein erm\u00f6glichen. Sozialversicherungs-Fachleute achten darauf, alle rechtlichen Bestimmungen und kantonal verbindlichen Verordnungen, Reglemente und Richtlinien einzuhalten. Bei Abschluss einer Unterst\u00fctzung durch die Sozialhilfe leiten Sozialversicherungs-Fachleute allf\u00e4llige R\u00fcckerstattungsanspr\u00fcche ein, kl\u00e4ren die bed\u00fcrftigen Personen \u00fcber die rechtlichen Grundlagen auf und stellen eine Abschlussverf\u00fcgung zu.<\/p>\n","protected":false},"excerpt":{"rendered":"<p>Die Sozialversicherungs-Fachleute sind Fachleute im Bereich der Sozialhilfe und der Opferhilfe. Sie beraten Hilfesuchende kompetent oder verweisen sie an geeignete Beratungs- und Betreuungsstellen. Bei einer finanziellen Notlage bed\u00fcrftiger Personen kl\u00e4ren sie die sozialhilferechtlichen Anspruchsvoraussetzungen ab und pr\u00fcfen alle in Frage kommenden Leistungen im Rahmen der Subsidiarit\u00e4t. Sie schenken der Koordination und Kooperation mit Sozialversicherungen und [&hellip;]<\/p>\n","protected":false},"featured_media":7179,"comment_status":"open","ping_status":"closed","template":"","meta":{"_acf_changed":false,"ub_ctt_via":""},"product_brand":[],"product_cat":[79,74],"product_tag":[],"class_list":{"0":"post-7690","1":"product","2":"type-product","3":"status-publish","4":"has-post-thumbnail","6":"product_cat-deutch","7":"product_cat-prugunfen","9":"first","10":"outofstock","11":"sold-individually","12":"shipping-taxable","13":"purchasable","14":"product-type-simple"},"acf":[],"_links":{"self":[{"href":"https:\/\/www.feas-fias-svs.ch\/de\/wp-json\/wp\/v2\/product\/7690","targetHints":{"allow":["GET"]}}],"collection":[{"href":"https:\/\/www.feas-fias-svs.ch\/de\/wp-json\/wp\/v2\/product"}],"about":[{"href":"https:\/\/www.feas-fias-svs.ch\/de\/wp-json\/wp\/v2\/types\/product"}],"replies":[{"embeddable":true,"href":"https:\/\/www.feas-fias-svs.ch\/de\/wp-json\/wp\/v2\/comments?post=7690"}],"wp:featuredmedia":[{"embeddable":true,"href":"https:\/\/www.feas-fias-svs.ch\/de\/wp-json\/wp\/v2\/media\/7179"}],"wp:attachment":[{"href":"https:\/\/www.feas-fias-svs.ch\/de\/wp-json\/wp\/v2\/media?parent=7690"}],"wp:term":[{"taxonomy":"product_brand","embeddable":true,"href":"https:\/\/www.feas-fias-svs.ch\/de\/wp-json\/wp\/v2\/product_brand?post=7690"},{"taxonomy":"product_cat","embeddable":true,"href":"https:\/\/www.feas-fias-svs.ch\/de\/wp-json\/wp\/v2\/product_cat?post=7690"},{"taxonomy":"product_tag","embeddable":true,"href":"https:\/\/www.feas-fias-svs.ch\/de\/wp-json\/wp\/v2\/product_tag?post=7690"}],"curies":[{"name":"wp","href":"https:\/\/api.w.org\/{rel}","templated":true}]}}