{"id":7680,"date":"2026-01-04T20:10:59","date_gmt":"2026-01-04T19:10:59","guid":{"rendered":"https:\/\/www.feas-fias-svs.ch\/?post_type=product&#038;p=7680"},"modified":"2026-03-11T20:02:12","modified_gmt":"2026-03-11T19:02:12","slug":"10-prestations-complementaires-pc-2026","status":"publish","type":"product","link":"https:\/\/www.feas-fias-svs.ch\/de\/examens\/10-prestations-complementaires-pc-2026\/","title":{"rendered":"10. Erg\u00e4nzungsleistungen (EL) - 2026"},"content":{"rendered":"<p>Die Sozialversicherungs-Fachleute sind Fachleute im Bereich der EL. Sie bearbeiten EL-Anmeldungen oder EL-Anpassungen systematisch. Sie kl\u00e4ren ab, ob die Anspruchsvoraussetzungen gegeben sind und die Unterlagen f\u00fcr die Abkl\u00e4rung vollst\u00e4ndig sind. Mit einer umfassenden Situationsanalyse zu Einkommen, Verm\u00f6gen, Leistung anderer Sozialversicherungen, Wohnsituation und famili\u00e4rem Um feld der Versicherten resp. des Versicherten pr\u00fcfen die Sozialversicherungs-Fachleute, ob ein EL- Anspruch vorhanden ist oder sich bei Bez\u00fcgerinnen und Bez\u00fcgern der Anspruch ver\u00e4ndert hat. Bezieht eine Versicherte resp. ein Versicherter bereits Erg\u00e4nzungsleistungen, pr\u00fcfen die Sozialversicherungs-Fachleute auf Gesuch hin, ob Krankheits- oder Behinderungskosten verg\u00fctet werden.<\/p>\n<p>Gem\u00e4ss den rechtlichen Grundlagen ermitteln sie die H\u00f6he der EL-Leistung. Sie formulieren und begr\u00fcnden den Entscheid zur EL-Leistung juristisch korrekt und halten die Verfahrensvorschriften jederzeit ein. Anfragen von Bez\u00fcgerinnen resp. Bez\u00fcgern, Antragsstellerinnen und Antragsstellern oder Angeh\u00f6rigen beantworten die Sozialversicherungs-Fachleute unter Wahrung des Datenschutzes jederzeit professionell.<\/p>\n","protected":false},"excerpt":{"rendered":"<p>Die Sozialversicherungs-Fachleute sind Fachleute im Bereich der EL. Sie bearbeiten EL-Anmeldungen oder EL-Anpassungen systematisch. Sie kl\u00e4ren ab, ob die Anspruchsvoraussetzungen gegeben sind und die Unterlagen f\u00fcr die Abkl\u00e4rung vollst\u00e4ndig sind. Mit einer umfassenden Situationsanalyse zu Einkommen, Verm\u00f6gen, Leistung anderer Sozialversicherungen, Wohnsituation und famili\u00e4rem Um feld der Versicherten resp. des Versicherten pr\u00fcfen die Sozialversicherungs-Fachleute, ob ein [&hellip;]<\/p>\n","protected":false},"featured_media":7179,"comment_status":"open","ping_status":"closed","template":"","meta":{"_acf_changed":false,"ub_ctt_via":""},"product_brand":[],"product_cat":[79,74],"product_tag":[],"class_list":{"0":"post-7680","1":"product","2":"type-product","3":"status-publish","4":"has-post-thumbnail","6":"product_cat-deutch","7":"product_cat-prugunfen","9":"first","10":"outofstock","11":"sold-individually","12":"shipping-taxable","13":"purchasable","14":"product-type-simple"},"acf":[],"_links":{"self":[{"href":"https:\/\/www.feas-fias-svs.ch\/de\/wp-json\/wp\/v2\/product\/7680","targetHints":{"allow":["GET"]}}],"collection":[{"href":"https:\/\/www.feas-fias-svs.ch\/de\/wp-json\/wp\/v2\/product"}],"about":[{"href":"https:\/\/www.feas-fias-svs.ch\/de\/wp-json\/wp\/v2\/types\/product"}],"replies":[{"embeddable":true,"href":"https:\/\/www.feas-fias-svs.ch\/de\/wp-json\/wp\/v2\/comments?post=7680"}],"wp:featuredmedia":[{"embeddable":true,"href":"https:\/\/www.feas-fias-svs.ch\/de\/wp-json\/wp\/v2\/media\/7179"}],"wp:attachment":[{"href":"https:\/\/www.feas-fias-svs.ch\/de\/wp-json\/wp\/v2\/media?parent=7680"}],"wp:term":[{"taxonomy":"product_brand","embeddable":true,"href":"https:\/\/www.feas-fias-svs.ch\/de\/wp-json\/wp\/v2\/product_brand?post=7680"},{"taxonomy":"product_cat","embeddable":true,"href":"https:\/\/www.feas-fias-svs.ch\/de\/wp-json\/wp\/v2\/product_cat?post=7680"},{"taxonomy":"product_tag","embeddable":true,"href":"https:\/\/www.feas-fias-svs.ch\/de\/wp-json\/wp\/v2\/product_tag?post=7680"}],"curies":[{"name":"wp","href":"https:\/\/api.w.org\/{rel}","templated":true}]}}