{"id":7663,"date":"2026-01-04T20:25:44","date_gmt":"2026-01-04T19:25:44","guid":{"rendered":"https:\/\/www.feas-fias-svs.ch\/?post_type=product&#038;p=7663"},"modified":"2026-03-11T20:02:45","modified_gmt":"2026-03-11T19:02:45","slug":"9-droit-2026","status":"publish","type":"product","link":"https:\/\/www.feas-fias-svs.ch\/de\/examens\/9-droit-2026\/","title":{"rendered":"9. Recht - 2026"},"content":{"rendered":"<p>F\u00fcr die T\u00e4tigkeit der Sozialversicherungs-Fachleute spielt das Recht eine wichtige Rolle. Die Sozialversicherungs-Fachleute haben einen elementaren \u00dcberblick \u00fcber das schweizerische Staatsrecht und k\u00f6nnen wichtige Grunds\u00e4tze, welche auf ihre berufliche T\u00e4tigkeit Einfluss haben, erl\u00e4utern (demokratische Rechte, Sozialstaat, Rechtsstaat, f\u00f6deralistischer Bundesstaat). Sie k\u00f6nnen die Sozialversicherungen als Teil des \u00f6ffentlichen Rechts vom Privatrecht abgrenzen. In ihrer T\u00e4tigkeit wenden die Sozialversicherungs-Fachleute das Recht des entsprechenden Sozialversicherungszweigs und das ATSG an. Sie kennen dabei die unterschiedlichen Rechtsquellen sowie deren Hierarchie und k\u00f6nnen die rechtlichen Grundlagen korrekt anwenden.<\/p>\n<p>Weiter halten sie in ihrer T\u00e4tigkeit die Verfahrensprinzipien und -garantien jederzeit ein und stellen so die Gleichbehandlung der Versicherten sicher. Die Sozialversicherungs-Fachleute beachten bei ihrer Arbeit immer die allf\u00e4llig vorhandenen Beziehungen zu anderen (Sozial)Versicherungen und Haftpflichtigen. Beim Eingang einer Anmeldung pr\u00fcfen sie, ob ihre Sozialversicherung zust\u00e4ndig ist. Wenn nicht, leiten sie die Anmeldung an die zust\u00e4ndige Sozialversicherung weiter. Ist die Zust\u00e4ndigkeit unklar, \u00fcbernimmt die Versicherung die Leistung, sofern sie vorleistungspflichtig ist.<\/p>\n<p>In Grundz\u00fcgen sind die Sozialversicherungs-Fachleute auch mit internationalen Abkommen vertraut, um Sozialversicherungsangelegenheiten von Ausl\u00e4ndern, Fl\u00fcchtlingen und Staatenlosen korrekt zu behandeln.<\/p>\n","protected":false},"excerpt":{"rendered":"<p>F\u00fcr die T\u00e4tigkeit der Sozialversicherungs-Fachleute spielt das Recht eine wichtige Rolle. Die Sozialversicherungs-Fachleute haben einen elementaren \u00dcberblick \u00fcber das schweizerische Staatsrecht und k\u00f6nnen wichtige Grunds\u00e4tze, welche auf ihre berufliche T\u00e4tigkeit Einfluss haben, erl\u00e4utern (demokratische Rechte, Sozialstaat, Rechtsstaat, f\u00f6deralistischer Bundesstaat). Sie k\u00f6nnen die Sozialversicherungen als Teil des \u00f6ffentlichen Rechts vom Privatrecht abgrenzen. In ihrer T\u00e4tigkeit wenden [&hellip;]<\/p>\n","protected":false},"featured_media":7179,"comment_status":"open","ping_status":"closed","template":"","meta":{"_acf_changed":false,"ub_ctt_via":""},"product_brand":[],"product_cat":[79,74],"product_tag":[],"class_list":{"0":"post-7663","1":"product","2":"type-product","3":"status-publish","4":"has-post-thumbnail","6":"product_cat-deutch","7":"product_cat-prugunfen","9":"first","10":"outofstock","11":"sold-individually","12":"shipping-taxable","13":"purchasable","14":"product-type-simple"},"acf":[],"_links":{"self":[{"href":"https:\/\/www.feas-fias-svs.ch\/de\/wp-json\/wp\/v2\/product\/7663","targetHints":{"allow":["GET"]}}],"collection":[{"href":"https:\/\/www.feas-fias-svs.ch\/de\/wp-json\/wp\/v2\/product"}],"about":[{"href":"https:\/\/www.feas-fias-svs.ch\/de\/wp-json\/wp\/v2\/types\/product"}],"replies":[{"embeddable":true,"href":"https:\/\/www.feas-fias-svs.ch\/de\/wp-json\/wp\/v2\/comments?post=7663"}],"wp:featuredmedia":[{"embeddable":true,"href":"https:\/\/www.feas-fias-svs.ch\/de\/wp-json\/wp\/v2\/media\/7179"}],"wp:attachment":[{"href":"https:\/\/www.feas-fias-svs.ch\/de\/wp-json\/wp\/v2\/media?parent=7663"}],"wp:term":[{"taxonomy":"product_brand","embeddable":true,"href":"https:\/\/www.feas-fias-svs.ch\/de\/wp-json\/wp\/v2\/product_brand?post=7663"},{"taxonomy":"product_cat","embeddable":true,"href":"https:\/\/www.feas-fias-svs.ch\/de\/wp-json\/wp\/v2\/product_cat?post=7663"},{"taxonomy":"product_tag","embeddable":true,"href":"https:\/\/www.feas-fias-svs.ch\/de\/wp-json\/wp\/v2\/product_tag?post=7663"}],"curies":[{"name":"wp","href":"https:\/\/api.w.org\/{rel}","templated":true}]}}