{"id":7657,"date":"2026-01-04T20:35:51","date_gmt":"2026-01-04T19:35:51","guid":{"rendered":"https:\/\/www.feas-fias-svs.ch\/?post_type=product&#038;p=7657"},"modified":"2026-03-11T20:03:07","modified_gmt":"2026-03-11T19:03:07","slug":"8-assurance-militaire-am-2026","status":"publish","type":"product","link":"https:\/\/www.feas-fias-svs.ch\/de\/examens\/8-assurance-militaire-am-2026\/","title":{"rendered":"8. Milit\u00e4rversicherung (MV) - 2026"},"content":{"rendered":"<p>Die Sozialversicherungs-Fachleute bearbeiten Schadensf\u00e4lle im Zusammenhang mit der Milit\u00e4rversicherung. Sie \u00fcberpr\u00fcfen, ob die Milit\u00e4rversicherung f\u00fcr den gemeldeten Schadensfall (Krankheit oder Unfall) zust\u00e4ndig ist. Danach kl\u00e4ren sie in enger Zusammenarbeit mit der Kreis\u00e4rztin resp. dem Kreisarzt der Milit\u00e4rversicherung ab, ob die Milit\u00e4rversicherung f\u00fcr den entsprechenden Fall haftet. Komplexe F\u00e4lle werden im Rahmen eines systematischen Casemanagements bearbeitet. Ist ein Casemanagement nicht notwendig, beurteilen die Sozialversicherungs-Fachleute die \u00dcbernahme von Leistungen gem\u00e4ss Leistungskatalog der Milit\u00e4rversicherung. Sie geben den Versicherten zu Leistungen und Leistungsvoraussetzungen kompetent Auskunft. Bei Rentenf\u00e4llen berechnen sie unter Beizug der rechtlichen Grundlagen sowie internen Weisungen den Rentengrad und bestimmen die Rentenh\u00f6he. Werden Leistungen nicht \u00fcbernommen, er\u00f6ffnen sie dies unter Hinweis auf die vorhandenen Rechtmittel.<\/p>\n<p>Die Sozialversicherungs-Fachleute geben zudem Berufsmilit\u00e4r, welche pensioniert werden, Auskunft \u00fcber die M\u00f6glichkeiten einer Weiterversicherung unter der Milit\u00e4rversicherung.<\/p>\n","protected":false},"excerpt":{"rendered":"<p>Die Sozialversicherungs-Fachleute bearbeiten Schadensf\u00e4lle im Zusammenhang mit der Milit\u00e4rversicherung. Sie \u00fcberpr\u00fcfen, ob die Milit\u00e4rversicherung f\u00fcr den gemeldeten Schadensfall (Krankheit oder Unfall) zust\u00e4ndig ist. Danach kl\u00e4ren sie in enger Zusammenarbeit mit der Kreis\u00e4rztin resp. dem Kreisarzt der Milit\u00e4rversicherung ab, ob die Milit\u00e4rversicherung f\u00fcr den entsprechenden Fall haftet. Komplexe F\u00e4lle werden im Rahmen eines systematischen Casemanagements bearbeitet. [&hellip;]<\/p>\n","protected":false},"featured_media":7179,"comment_status":"open","ping_status":"closed","template":"","meta":{"_acf_changed":false,"ub_ctt_via":""},"product_brand":[],"product_cat":[79,74],"product_tag":[],"class_list":{"0":"post-7657","1":"product","2":"type-product","3":"status-publish","4":"has-post-thumbnail","6":"product_cat-deutch","7":"product_cat-prugunfen","9":"first","10":"outofstock","11":"sold-individually","12":"shipping-taxable","13":"purchasable","14":"product-type-simple"},"acf":[],"_links":{"self":[{"href":"https:\/\/www.feas-fias-svs.ch\/de\/wp-json\/wp\/v2\/product\/7657","targetHints":{"allow":["GET"]}}],"collection":[{"href":"https:\/\/www.feas-fias-svs.ch\/de\/wp-json\/wp\/v2\/product"}],"about":[{"href":"https:\/\/www.feas-fias-svs.ch\/de\/wp-json\/wp\/v2\/types\/product"}],"replies":[{"embeddable":true,"href":"https:\/\/www.feas-fias-svs.ch\/de\/wp-json\/wp\/v2\/comments?post=7657"}],"wp:featuredmedia":[{"embeddable":true,"href":"https:\/\/www.feas-fias-svs.ch\/de\/wp-json\/wp\/v2\/media\/7179"}],"wp:attachment":[{"href":"https:\/\/www.feas-fias-svs.ch\/de\/wp-json\/wp\/v2\/media?parent=7657"}],"wp:term":[{"taxonomy":"product_brand","embeddable":true,"href":"https:\/\/www.feas-fias-svs.ch\/de\/wp-json\/wp\/v2\/product_brand?post=7657"},{"taxonomy":"product_cat","embeddable":true,"href":"https:\/\/www.feas-fias-svs.ch\/de\/wp-json\/wp\/v2\/product_cat?post=7657"},{"taxonomy":"product_tag","embeddable":true,"href":"https:\/\/www.feas-fias-svs.ch\/de\/wp-json\/wp\/v2\/product_tag?post=7657"}],"curies":[{"name":"wp","href":"https:\/\/api.w.org\/{rel}","templated":true}]}}