{"id":7635,"date":"2026-01-04T20:50:02","date_gmt":"2026-01-04T19:50:02","guid":{"rendered":"https:\/\/www.feas-fias-svs.ch\/?post_type=product&#038;p=7635"},"modified":"2026-03-11T20:03:34","modified_gmt":"2026-03-11T19:03:34","slug":"6-securite-sociale-oral-ss-o-2026","status":"publish","type":"product","link":"https:\/\/www.feas-fias-svs.ch\/de\/examens\/6-securite-sociale-oral-ss-o-2026\/","title":{"rendered":"6. Soziale Sicherheit m\u00fcndlich (SoSi-M) - 2026"},"content":{"rendered":"<p>Die Sozialversicherungs-Fachleute arbeiten in unterschiedlichen Zweigen der Sozialversicherungen oder stehen in ihrer Arbeit mit unterschiedlichen Sozialversicherungen in Kontakt. Sie k\u00f6nnen Versicherten oder anderen interessierten Personen das System der Sozialen Sicherheit in der Schweiz erkl\u00e4ren. Sie k\u00f6nnen einen \u00dcberblick \u00fcber das 3-S\u00e4ulen-System geben und beschreiben, welche Sozialversicherung welche Risiken abdeckt und welche Personenkreise betroffen sind. Weiter k\u00f6nnen sie die Sozialversicherungen von den Privatversicherungen einerseits und der \u00f6ffentlichen Sozialhilfe andererseits klar abgrenzen. Zudem sind sie in der Lage, die Organisation und die Finanzierung der einzelnen Sozialversicherungszweige zu erl\u00e4utern.<\/p>\n<p>Die Sozialversicherungs-Fachleute k\u00f6nnen erl\u00e4utern, wie und warum die Sozialversicherungen entstanden und historisch gewachsen sind. Gleichzeitig sind sie \u00fcber aktuelle Entwicklungen, Rahmenbedingungen und Herausforderungen des Systems der Sozialen Sicherheit informiert und verkn\u00fcpfen diese mit den volkswirtschaftlichen Aspekten.<\/p>\n","protected":false},"excerpt":{"rendered":"<p>Die Sozialversicherungs-Fachleute arbeiten in unterschiedlichen Zweigen der Sozialversicherungen oder stehen in ihrer Arbeit mit unterschiedlichen Sozialversicherungen in Kontakt. Sie k\u00f6nnen Versicherten oder anderen interessierten Personen das System der Sozialen Sicherheit in der Schweiz erkl\u00e4ren. Sie k\u00f6nnen einen \u00dcberblick \u00fcber das 3-S\u00e4ulen-System geben und beschreiben, welche Sozialversicherung welche Risiken abdeckt und welche Personenkreise betroffen sind. Weiter [&hellip;]<\/p>\n","protected":false},"featured_media":7179,"comment_status":"open","ping_status":"closed","template":"","meta":{"_acf_changed":false,"ub_ctt_via":""},"product_brand":[],"product_cat":[79,74],"product_tag":[],"class_list":{"0":"post-7635","1":"product","2":"type-product","3":"status-publish","4":"has-post-thumbnail","6":"product_cat-deutch","7":"product_cat-prugunfen","9":"first","10":"outofstock","11":"sold-individually","12":"shipping-taxable","13":"purchasable","14":"product-type-simple"},"acf":[],"_links":{"self":[{"href":"https:\/\/www.feas-fias-svs.ch\/de\/wp-json\/wp\/v2\/product\/7635","targetHints":{"allow":["GET"]}}],"collection":[{"href":"https:\/\/www.feas-fias-svs.ch\/de\/wp-json\/wp\/v2\/product"}],"about":[{"href":"https:\/\/www.feas-fias-svs.ch\/de\/wp-json\/wp\/v2\/types\/product"}],"replies":[{"embeddable":true,"href":"https:\/\/www.feas-fias-svs.ch\/de\/wp-json\/wp\/v2\/comments?post=7635"}],"wp:featuredmedia":[{"embeddable":true,"href":"https:\/\/www.feas-fias-svs.ch\/de\/wp-json\/wp\/v2\/media\/7179"}],"wp:attachment":[{"href":"https:\/\/www.feas-fias-svs.ch\/de\/wp-json\/wp\/v2\/media?parent=7635"}],"wp:term":[{"taxonomy":"product_brand","embeddable":true,"href":"https:\/\/www.feas-fias-svs.ch\/de\/wp-json\/wp\/v2\/product_brand?post=7635"},{"taxonomy":"product_cat","embeddable":true,"href":"https:\/\/www.feas-fias-svs.ch\/de\/wp-json\/wp\/v2\/product_cat?post=7635"},{"taxonomy":"product_tag","embeddable":true,"href":"https:\/\/www.feas-fias-svs.ch\/de\/wp-json\/wp\/v2\/product_tag?post=7635"}],"curies":[{"name":"wp","href":"https:\/\/api.w.org\/{rel}","templated":true}]}}