{"id":7604,"date":"2026-01-04T21:05:39","date_gmt":"2026-01-04T20:05:39","guid":{"rendered":"https:\/\/www.feas-fias-svs.ch\/?post_type=product&#038;p=7604"},"modified":"2026-03-11T20:03:55","modified_gmt":"2026-03-11T19:03:55","slug":"3-assurance-accident-aa-2026","status":"publish","type":"product","link":"https:\/\/www.feas-fias-svs.ch\/de\/examens\/3-assurance-accident-aa-2026\/","title":{"rendered":"3. Unfallversicherung (UV) - 2026"},"content":{"rendered":"<p>Die Sozialversicherungs-Fachleute bearbeiten bei der SUVA oder bei einem Privatversicherer Versicherungsantr\u00e4ge von Unternehmen. Aufgrund der Betriebsbeschreibung nehmen sie die Einreihung in die Betriebsklassen vor. Auf der Basis der rechtlichen Grundlagen, interner Weisungen sowie Informationen zum bisherigen Schadensverlauf des Unternehmens berechnen sie EDV-gest\u00fctzt die Pr\u00e4miens\u00e4tze. Bei einem Privatversicherer unterbreiten sie dem Unternehmen eine Offerte, bei der SUVA stellen sie eine Verf\u00fcgung aus. Weiter stellen sie Offerten f\u00fcr eine freiwillige Versicherung aus. Bei Privatversicherern unterbreiten die Sozialversicherungs-Fachleute zudem auf Wunsch Offerten zu Unfall-Zusatzversicherungen.<\/p>\n<p>Kommt das Versicherungsverh\u00e4ltnis zustande, erstellen die Sozialversicherungs-Fachleute regelm\u00e4ssig die Pr\u00e4mienrechnungen aufgrund der erfassten Lohnsumme. J\u00e4hrlich werden allf\u00e4llige Differenzen zwischen angenommener und tats\u00e4chlicher Lohnsumme ausgeglichen. Die Sozialversicherungs-Fachleute bearbeiten regelm\u00e4ssig Schadensf\u00e4lle und geben Versicherten (Unternehmen oder Versicherten) kompetent Auskunft. Sie pr\u00fcfen, ob es sich um einen Unfall handelt und analysieren die Komplexit\u00e4t des Falls. Besonders komplexe F\u00e4lle werden in ein Casemanagement \u00fcberf\u00fchrt, welches die medizinischen und beruflichen Massnahmen koordiniert und \u00fcberwacht. Sie rechnen zudem Leistungen ab, welche gem\u00e4ss Leistungskatalog der Unfallversicherung oder allf\u00e4lliger Zusatzversicherung gedeckt sind. Werden Leistungen nicht \u00fcbernommen, er\u00f6ffnen sie dies unter Hinweis auf die vorhandenen Rechtmittel.<\/p>\n","protected":false},"excerpt":{"rendered":"<p>Die Sozialversicherungs-Fachleute bearbeiten bei der SUVA oder bei einem Privatversicherer Versicherungsantr\u00e4ge von Unternehmen. Aufgrund der Betriebsbeschreibung nehmen sie die Einreihung in die Betriebsklassen vor. Auf der Basis der rechtlichen Grundlagen, interner Weisungen sowie Informationen zum bisherigen Schadensverlauf des Unternehmens berechnen sie EDV-gest\u00fctzt die Pr\u00e4miens\u00e4tze. Bei einem Privatversicherer unterbreiten sie dem Unternehmen eine Offerte, bei der [&hellip;]<\/p>\n","protected":false},"featured_media":7179,"comment_status":"open","ping_status":"closed","template":"","meta":{"_acf_changed":false,"ub_ctt_via":""},"product_brand":[],"product_cat":[79,74],"product_tag":[],"class_list":{"0":"post-7604","1":"product","2":"type-product","3":"status-publish","4":"has-post-thumbnail","6":"product_cat-deutch","7":"product_cat-prugunfen","9":"first","10":"outofstock","11":"sold-individually","12":"shipping-taxable","13":"purchasable","14":"product-type-simple"},"acf":[],"_links":{"self":[{"href":"https:\/\/www.feas-fias-svs.ch\/de\/wp-json\/wp\/v2\/product\/7604","targetHints":{"allow":["GET"]}}],"collection":[{"href":"https:\/\/www.feas-fias-svs.ch\/de\/wp-json\/wp\/v2\/product"}],"about":[{"href":"https:\/\/www.feas-fias-svs.ch\/de\/wp-json\/wp\/v2\/types\/product"}],"replies":[{"embeddable":true,"href":"https:\/\/www.feas-fias-svs.ch\/de\/wp-json\/wp\/v2\/comments?post=7604"}],"wp:featuredmedia":[{"embeddable":true,"href":"https:\/\/www.feas-fias-svs.ch\/de\/wp-json\/wp\/v2\/media\/7179"}],"wp:attachment":[{"href":"https:\/\/www.feas-fias-svs.ch\/de\/wp-json\/wp\/v2\/media?parent=7604"}],"wp:term":[{"taxonomy":"product_brand","embeddable":true,"href":"https:\/\/www.feas-fias-svs.ch\/de\/wp-json\/wp\/v2\/product_brand?post=7604"},{"taxonomy":"product_cat","embeddable":true,"href":"https:\/\/www.feas-fias-svs.ch\/de\/wp-json\/wp\/v2\/product_cat?post=7604"},{"taxonomy":"product_tag","embeddable":true,"href":"https:\/\/www.feas-fias-svs.ch\/de\/wp-json\/wp\/v2\/product_tag?post=7604"}],"curies":[{"name":"wp","href":"https:\/\/api.w.org\/{rel}","templated":true}]}}