{"id":7591,"date":"2026-01-04T21:15:05","date_gmt":"2026-01-04T20:15:05","guid":{"rendered":"https:\/\/www.feas-fias-svs.ch\/?post_type=product&#038;p=7591"},"modified":"2026-04-17T18:06:14","modified_gmt":"2026-04-17T16:06:14","slug":"1-alters-und-hinterlassenenversicherung-ahv-2026","status":"publish","type":"product","link":"https:\/\/www.feas-fias-svs.ch\/de\/examens\/1-alters-und-hinterlassenenversicherung-ahv-2026\/","title":{"rendered":"1. Alters- und Hinterlassenenversicherung (AHV) 2026"},"content":{"rendered":"<p>Die Sozialversicherungs-Fachleute geben kompetent Auskunft zu Unterstellungsfragen (inklusive internationale Sachverhalte), zur Beitragspflicht sowie zur Beitragserhebung und gegebenenfalls zus\u00e4tzliche Ausk\u00fcnfte im Beitragsbereich. Sie erheben die Beitr\u00e4ge (Arbeit Nehmende, selbst\u00e4ndig Erwerbende, Nichterwerbst\u00e4tige). Sie geben den Versicherten Auskunft zur Rentenanmeldung und zu allgemeinen Fragen in Bezug auf die AHV. Sie achten dabei darauf, \u00fcber die komplexe Materie m\u00f6glichst allgemein verst\u00e4ndlich zu informieren. Anspruchsvolle Gespr\u00e4chssituationen mit Versicherten (z. B. bei Scheidung, Todesfall) bew\u00e4ltigen Sozialversicherungs-Fachleute professionell. Ist eine Rentenanmeldung erfolgt, ermitteln die Sozialversicherungs-Fachleute den rechtlichen Rentenanspruch sowie die H\u00f6he der Rente. Sie beachten dabei die Koordinationsregeln mit anderen Sozialversicherungszweigen.      <\/p>\n","protected":false},"excerpt":{"rendered":"<p>Die Sozialversicherungs-Fachleute geben kompetent Auskunft zu Unterstellungsfragen (inklusive internationale Sachverhalte), zur Beitragspflicht sowie zur Beitragserhebung und gegebenenfalls zus\u00e4tzliche Ausk\u00fcnfte im Beitragsbereich. Sie erheben die Beitr\u00e4ge (Arbeit Nehmende, selbst\u00e4ndig Erwerbende, Nichterwerbst\u00e4tige). Sie geben den Versicherten Auskunft zur Rentenanmeldung und zu allgemeinen Fragen in Bezug auf die AHV. Sie achten dabei darauf, \u00fcber die komplexe Materie m\u00f6glichst [&hellip;]<\/p>\n","protected":false},"featured_media":7179,"comment_status":"open","ping_status":"closed","template":"","meta":{"_acf_changed":false,"ub_ctt_via":""},"product_brand":[],"product_cat":[79,74],"product_tag":[],"class_list":{"0":"post-7591","1":"product","2":"type-product","3":"status-publish","4":"has-post-thumbnail","6":"product_cat-deutch","7":"product_cat-prugunfen","9":"first","10":"outofstock","11":"sold-individually","12":"shipping-taxable","13":"purchasable","14":"product-type-simple"},"acf":[],"_links":{"self":[{"href":"https:\/\/www.feas-fias-svs.ch\/de\/wp-json\/wp\/v2\/product\/7591","targetHints":{"allow":["GET"]}}],"collection":[{"href":"https:\/\/www.feas-fias-svs.ch\/de\/wp-json\/wp\/v2\/product"}],"about":[{"href":"https:\/\/www.feas-fias-svs.ch\/de\/wp-json\/wp\/v2\/types\/product"}],"replies":[{"embeddable":true,"href":"https:\/\/www.feas-fias-svs.ch\/de\/wp-json\/wp\/v2\/comments?post=7591"}],"wp:featuredmedia":[{"embeddable":true,"href":"https:\/\/www.feas-fias-svs.ch\/de\/wp-json\/wp\/v2\/media\/7179"}],"wp:attachment":[{"href":"https:\/\/www.feas-fias-svs.ch\/de\/wp-json\/wp\/v2\/media?parent=7591"}],"wp:term":[{"taxonomy":"product_brand","embeddable":true,"href":"https:\/\/www.feas-fias-svs.ch\/de\/wp-json\/wp\/v2\/product_brand?post=7591"},{"taxonomy":"product_cat","embeddable":true,"href":"https:\/\/www.feas-fias-svs.ch\/de\/wp-json\/wp\/v2\/product_cat?post=7591"},{"taxonomy":"product_tag","embeddable":true,"href":"https:\/\/www.feas-fias-svs.ch\/de\/wp-json\/wp\/v2\/product_tag?post=7591"}],"curies":[{"name":"wp","href":"https:\/\/api.w.org\/{rel}","templated":true}]}}