{"id":7211,"date":"2025-08-31T20:16:02","date_gmt":"2025-08-31T18:16:02","guid":{"rendered":"https:\/\/www.feas-fias-svs.ch\/?post_type=product&#038;p=7211"},"modified":"2025-11-05T10:22:39","modified_gmt":"2025-11-05T09:22:39","slug":"1-eine-wahl-invalidenversicherung-iv-2026","status":"publish","type":"product","link":"https:\/\/www.feas-fias-svs.ch\/de\/examens\/1-eine-wahl-invalidenversicherung-iv-2026\/","title":{"rendered":"1. Eine Wahl : Invalidenversicherung (IV) - 2026"},"content":{"rendered":"<p>Sozialversicherungsexpertinnen und -experten betreuen komplexe F\u00e4lle von Beitr\u00e4gen und Leistungen. Sie halten sich an die gesetzlichen Regeln, die Richtlinien des Bundesamts f\u00fcr Sozialversicherungen, die Rechtsprechung und die zwischenstaatlichen Sozialversicherungsabkommen. Sie sch\u00fctzen Daten und Transparenz und befolgen organisatorische Vorgaben (Akten, Technik etc.). Sie erl\u00e4utern ihre Entscheidungen klar und deutlich. Sozialversicherungsexpertinnen und -experten unterst\u00fctzen und beraten Arbeitgeber bei der Fr\u00fcherkennung und den Fr\u00fchinterventionsmassnahmen.<\/p>\n","protected":false},"excerpt":{"rendered":"<p>Sozialversicherungsexpertinnen und -experten betreuen komplexe F\u00e4lle von Beitr\u00e4gen und Leistungen. Sie halten sich an die gesetzlichen Regeln, die Richtlinien des Bundesamts f\u00fcr Sozialversicherungen, die Rechtsprechung und die zwischenstaatlichen Sozialversicherungsabkommen. Sie sch\u00fctzen Daten und Transparenz und befolgen organisatorische Vorgaben (Akten, Technik etc.). Sie erl\u00e4utern ihre Entscheidungen klar und deutlich. Sozialversicherungsexpertinnen und -experten unterst\u00fctzen und beraten Arbeitgeber [&hellip;]<\/p>\n","protected":false},"featured_media":472,"comment_status":"open","ping_status":"closed","template":"","meta":{"_acf_changed":false,"ub_ctt_via":""},"product_brand":[],"product_cat":[79,88],"product_tag":[],"class_list":{"0":"post-7211","1":"product","2":"type-product","3":"status-publish","4":"has-post-thumbnail","6":"product_cat-deutch","7":"product_cat-pruefungen-diplom","9":"first","10":"outofstock","11":"sold-individually","12":"shipping-taxable","13":"purchasable","14":"product-type-simple"},"acf":[],"_links":{"self":[{"href":"https:\/\/www.feas-fias-svs.ch\/de\/wp-json\/wp\/v2\/product\/7211","targetHints":{"allow":["GET"]}}],"collection":[{"href":"https:\/\/www.feas-fias-svs.ch\/de\/wp-json\/wp\/v2\/product"}],"about":[{"href":"https:\/\/www.feas-fias-svs.ch\/de\/wp-json\/wp\/v2\/types\/product"}],"replies":[{"embeddable":true,"href":"https:\/\/www.feas-fias-svs.ch\/de\/wp-json\/wp\/v2\/comments?post=7211"}],"wp:featuredmedia":[{"embeddable":true,"href":"https:\/\/www.feas-fias-svs.ch\/de\/wp-json\/wp\/v2\/media\/472"}],"wp:attachment":[{"href":"https:\/\/www.feas-fias-svs.ch\/de\/wp-json\/wp\/v2\/media?parent=7211"}],"wp:term":[{"taxonomy":"product_brand","embeddable":true,"href":"https:\/\/www.feas-fias-svs.ch\/de\/wp-json\/wp\/v2\/product_brand?post=7211"},{"taxonomy":"product_cat","embeddable":true,"href":"https:\/\/www.feas-fias-svs.ch\/de\/wp-json\/wp\/v2\/product_cat?post=7211"},{"taxonomy":"product_tag","embeddable":true,"href":"https:\/\/www.feas-fias-svs.ch\/de\/wp-json\/wp\/v2\/product_tag?post=7211"}],"curies":[{"name":"wp","href":"https:\/\/api.w.org\/{rel}","templated":true}]}}