{"id":7205,"date":"2025-08-31T19:03:05","date_gmt":"2025-08-31T17:03:05","guid":{"rendered":"https:\/\/www.feas-fias-svs.ch\/?post_type=product&#038;p=7205"},"modified":"2025-11-05T10:23:42","modified_gmt":"2025-11-05T09:23:42","slug":"1-eine-wahl-alters-und-hinterlassenenversicherung-ahv-2026-copie","status":"publish","type":"product","link":"https:\/\/www.feas-fias-svs.ch\/de\/examens\/1-eine-wahl-alters-und-hinterlassenenversicherung-ahv-2026-copie\/","title":{"rendered":"1. Eine Wahl : Alters- und Hinterlassenenversicherung (AHV) - 2026"},"content":{"rendered":"<p>Sozialversicherungsfachleute bearbeiten komplexe F\u00e4lle aus dem Bereich der Beitr\u00e4ge und Leistungen. Sie st\u00fctzen sich dabei auf die gesetzlichen Bestimmungen, die Richtlinien des Bundesamts f\u00fcr Sozialversicherungen, die Rechtsprechung und die zwischenstaatlichen Abkommen \u00fcber soziale Sicherheit. Sie befolgen die Regeln des Datenschutzes und der Transparenz und halten sich an die organisatorischen Vorgaben (die Buchf\u00fchrung und der Geldverkehr, Aktenf\u00fchrung und -archivierung, technische Vorgaben usw.).<\/p>\n","protected":false},"excerpt":{"rendered":"<p>Sozialversicherungsfachleute bearbeiten komplexe F\u00e4lle aus dem Bereich der Beitr\u00e4ge und Leistungen. Sie st\u00fctzen sich dabei auf die gesetzlichen Bestimmungen, die Richtlinien des Bundesamts f\u00fcr Sozialversicherungen, die Rechtsprechung und die zwischenstaatlichen Abkommen \u00fcber soziale Sicherheit. Sie befolgen die Regeln des Datenschutzes und der Transparenz und halten sich an die organisatorischen Vorgaben (die Buchf\u00fchrung und der Geldverkehr, [&hellip;]<\/p>\n","protected":false},"featured_media":472,"comment_status":"open","ping_status":"closed","template":"","meta":{"_acf_changed":false,"ub_ctt_via":""},"product_brand":[],"product_cat":[79,88],"product_tag":[],"class_list":{"0":"post-7205","1":"product","2":"type-product","3":"status-publish","4":"has-post-thumbnail","6":"product_cat-deutch","7":"product_cat-pruefungen-diplom","9":"first","10":"outofstock","11":"sold-individually","12":"shipping-taxable","13":"purchasable","14":"product-type-simple"},"acf":[],"_links":{"self":[{"href":"https:\/\/www.feas-fias-svs.ch\/de\/wp-json\/wp\/v2\/product\/7205","targetHints":{"allow":["GET"]}}],"collection":[{"href":"https:\/\/www.feas-fias-svs.ch\/de\/wp-json\/wp\/v2\/product"}],"about":[{"href":"https:\/\/www.feas-fias-svs.ch\/de\/wp-json\/wp\/v2\/types\/product"}],"replies":[{"embeddable":true,"href":"https:\/\/www.feas-fias-svs.ch\/de\/wp-json\/wp\/v2\/comments?post=7205"}],"wp:featuredmedia":[{"embeddable":true,"href":"https:\/\/www.feas-fias-svs.ch\/de\/wp-json\/wp\/v2\/media\/472"}],"wp:attachment":[{"href":"https:\/\/www.feas-fias-svs.ch\/de\/wp-json\/wp\/v2\/media?parent=7205"}],"wp:term":[{"taxonomy":"product_brand","embeddable":true,"href":"https:\/\/www.feas-fias-svs.ch\/de\/wp-json\/wp\/v2\/product_brand?post=7205"},{"taxonomy":"product_cat","embeddable":true,"href":"https:\/\/www.feas-fias-svs.ch\/de\/wp-json\/wp\/v2\/product_cat?post=7205"},{"taxonomy":"product_tag","embeddable":true,"href":"https:\/\/www.feas-fias-svs.ch\/de\/wp-json\/wp\/v2\/product_tag?post=7205"}],"curies":[{"name":"wp","href":"https:\/\/api.w.org\/{rel}","templated":true}]}}